{"id":200,"date":"2023-11-16T11:28:54","date_gmt":"2023-11-16T11:28:54","guid":{"rendered":"https:\/\/agbiosupply.com\/?page_id=200"},"modified":"2025-07-31T10:35:53","modified_gmt":"2025-07-31T10:35:53","slug":"luminarias","status":"publish","type":"page","link":"https:\/\/agbiosupply.com\/index.php\/luminarias\/","title":{"rendered":"LUMINARIAS"},"content":{"rendered":"\t\t<div data-elementor-type=\"wp-page\" data-elementor-id=\"200\" class=\"elementor elementor-200\">\n\t\t\t\t<div class=\"elementor-element elementor-element-89b0f51 e-flex e-con-boxed wpr-particle-no wpr-jarallax-no wpr-parallax-no wpr-sticky-section-no wpr-equal-height-no e-con e-parent\" data-id=\"89b0f51\" data-element_type=\"container\" data-e-type=\"container\" data-settings=\"{&quot;background_background&quot;:&quot;classic&quot;}\">\n\t\t\t\t\t<div class=\"e-con-inner\">\n\t\t\t\t<div class=\"elementor-element elementor-element-2825609 elementor-widget elementor-widget-heading\" data-id=\"2825609\" data-element_type=\"widget\" data-e-type=\"widget\" data-widget_type=\"heading.default\">\n\t\t\t\t<div class=\"elementor-widget-container\">\n\t\t\t\t\t<h6 class=\"elementor-heading-title elementor-size-xxl\">LUMINARIAS<\/h6>\t\t\t\t<\/div>\n\t\t\t\t<\/div>\n\t\t\t\t\t<\/div>\n\t\t\t\t<\/div>\n\t\t<div class=\"elementor-element elementor-element-6782a9d e-flex e-con-boxed wpr-particle-no wpr-jarallax-no wpr-parallax-no wpr-sticky-section-no wpr-equal-height-no e-con e-parent\" data-id=\"6782a9d\" data-element_type=\"container\" data-e-type=\"container\" data-settings=\"{&quot;background_background&quot;:&quot;video&quot;,&quot;background_video_link&quot;:&quot;https:\\\/\\\/agbiosupply.com\\\/wp-content\\\/uploads\\\/2023\\\/11\\\/services-intro-website-fluxen.mp4&quot;,&quot;background_video_end&quot;:100,&quot;background_play_on_mobile&quot;:&quot;yes&quot;}\">\n\t\t\t\t\t<div class=\"e-con-inner\">\n\t\t<div class=\"elementor-background-video-container\">\n\t\t\t\t\t\t\t<video class=\"elementor-background-video-hosted\" role=\"presentation\" autoplay muted playsinline loop><\/video>\n\t\t\t\t\t<\/div>\t\t\t<\/div>\n\t\t\t\t<\/div>\n\t\t<div class=\"elementor-element elementor-element-24a4fd2 e-flex e-con-boxed wpr-particle-no wpr-jarallax-no wpr-parallax-no wpr-sticky-section-no wpr-equal-height-no elementor-invisible e-con e-parent\" data-id=\"24a4fd2\" data-element_type=\"container\" data-e-type=\"container\" data-settings=\"{&quot;background_background&quot;:&quot;classic&quot;,&quot;animation&quot;:&quot;fadeInLeft&quot;}\">\n\t\t\t\t\t<div class=\"e-con-inner\">\n\t\t\t\t<div class=\"elementor-element elementor-element-6122e9d elementor-widget elementor-widget-heading\" data-id=\"6122e9d\" data-element_type=\"widget\" data-e-type=\"widget\" data-widget_type=\"heading.default\">\n\t\t\t\t<div class=\"elementor-widget-container\">\n\t\t\t\t\t<h2 class=\"elementor-heading-title elementor-size-default\">En AGBIOSUPPLY nos preocupamos y nos aseguramos de tener socios estrat\u00e9gicos muy reconocidos para garantizar la calidad y prestaciones en nuestros proyectos. \nUna partida muy cara pero necesaria es la iluminaci\u00f3n LED en proyectos de interior por lo que hay que asegurar que cada c\u00e9ntimo invertido dar\u00e1 productividad.\nTrabajamos con las marcas m\u00e1s punteras y fiables del mercado en cuanto iluminaci\u00f3n hort\u00edcola para asegurar la calidad y garant\u00eda de sus componentes. <\/h2>\t\t\t\t<\/div>\n\t\t\t\t<\/div>\n\t\t\t\t\t<\/div>\n\t\t\t\t<\/div>\n\t\t<div class=\"elementor-element elementor-element-2640c290 e-flex e-con-boxed wpr-particle-no wpr-jarallax-no wpr-parallax-no wpr-sticky-section-no wpr-equal-height-no elementor-invisible e-con e-parent\" data-id=\"2640c290\" data-element_type=\"container\" data-e-type=\"container\" data-settings=\"{&quot;background_background&quot;:&quot;classic&quot;,&quot;animation&quot;:&quot;fadeInRight&quot;}\">\n\t\t\t\t\t<div class=\"e-con-inner\">\n\t\t<div class=\"elementor-element elementor-element-2ec22d8f e-con-full e-flex wpr-particle-no wpr-jarallax-no wpr-parallax-no wpr-sticky-section-no wpr-equal-height-no e-con e-child\" data-id=\"2ec22d8f\" data-element_type=\"container\" data-e-type=\"container\">\n\t\t\t\t<div class=\"elementor-element elementor-element-36871835 elementor-widget elementor-widget-image\" data-id=\"36871835\" data-element_type=\"widget\" data-e-type=\"widget\" data-widget_type=\"image.default\">\n\t\t\t\t<div class=\"elementor-widget-container\">\n\t\t\t\t\t\t\t\t\t\t\t\t\t\t\t\t<a href=\"https:\/\/agbiosupply.com\/index.php\/fluxen\/\">\n\t\t\t\t\t\t\t<img decoding=\"async\" width=\"300\" height=\"107\" src=\"https:\/\/agbiosupply.com\/wp-content\/uploads\/2023\/11\/LOGOTIPO-FLUXEN-600-300x107.png\" class=\"attachment-medium size-medium wp-image-592\" alt=\"\" srcset=\"https:\/\/agbiosupply.com\/wp-content\/uploads\/2023\/11\/LOGOTIPO-FLUXEN-600-300x107.png 300w, https:\/\/agbiosupply.com\/wp-content\/uploads\/2023\/11\/LOGOTIPO-FLUXEN-600-280x99.png 280w, https:\/\/agbiosupply.com\/wp-content\/uploads\/2023\/11\/LOGOTIPO-FLUXEN-600.png 600w\" sizes=\"(max-width: 300px) 100vw, 300px\" \/>\t\t\t\t\t\t\t\t<\/a>\n\t\t\t\t\t\t\t\t\t\t\t\t\t\t\t<\/div>\n\t\t\t\t<\/div>\n\t\t\t\t<\/div>\n\t\t<div class=\"elementor-element elementor-element-28fa0b80 e-con-full e-flex wpr-particle-no wpr-jarallax-no wpr-parallax-no wpr-sticky-section-no wpr-equal-height-no e-con e-child\" data-id=\"28fa0b80\" data-element_type=\"container\" data-e-type=\"container\">\n\t\t\t\t<div class=\"elementor-element elementor-element-3b6b9fe6 elementor-widget elementor-widget-text-editor\" data-id=\"3b6b9fe6\" data-element_type=\"widget\" data-e-type=\"widget\" data-widget_type=\"text-editor.default\">\n\t\t\t\t<div class=\"elementor-widget-container\">\n\t\t\t\t\t\t\t\t\t<p>Fluxen, Flux-Engineering, es el fabricante l\u00edder de luminarias LED de crecimiento de alto rendimiento dise\u00f1adas para el cultivo hort\u00edcola. El \u00fanico objetivo y la pasi\u00f3n permanente de Fluxen es crear soluciones de iluminaci\u00f3n y accesorios que permitan obtener resultados replicables o din\u00e1micos, aumentando la productividad, la calidad de los cultivos y tambi\u00e9n, dinamizando los resultados en la investigaci\u00f3n cient\u00edfica.<\/p>\t\t\t\t\t\t\t\t<\/div>\n\t\t\t\t<\/div>\n\t\t\t\t<\/div>\n\t\t\t\t\t<\/div>\n\t\t\t\t<\/div>\n\t\t<div class=\"elementor-element elementor-element-8b493fd e-flex e-con-boxed wpr-particle-no wpr-jarallax-no wpr-parallax-no wpr-sticky-section-no wpr-equal-height-no elementor-invisible e-con e-parent\" data-id=\"8b493fd\" data-element_type=\"container\" data-e-type=\"container\" data-settings=\"{&quot;background_background&quot;:&quot;classic&quot;,&quot;animation&quot;:&quot;fadeInLeft&quot;}\">\n\t\t\t\t\t<div class=\"e-con-inner\">\n\t\t<div class=\"elementor-element elementor-element-9e54e03 e-con-full e-flex wpr-particle-no wpr-jarallax-no wpr-parallax-no wpr-sticky-section-no wpr-equal-height-no e-con e-child\" data-id=\"9e54e03\" data-element_type=\"container\" data-e-type=\"container\">\n\t\t\t\t<div class=\"elementor-element elementor-element-ac6082b elementor-widget elementor-widget-text-editor\" data-id=\"ac6082b\" data-element_type=\"widget\" data-e-type=\"widget\" data-widget_type=\"text-editor.default\">\n\t\t\t\t<div class=\"elementor-widget-container\">\n\t\t\t\t\t\t\t\t\t<p>Valoya Oy, empresa finlandesa creada en 2009, es pionera en el sector de la iluminaci\u00f3n para horticultura debido a su alta inversi\u00f3n en i+D en tecnolog\u00eda LED y ensayos cient\u00edficos con grandes centros de investigaci\u00f3n, universidades de prestigio y empresas de renombre como Bayer-Monsanto, Syngenta, Basf, Rijk Zwaan entre otros.<\/p>\t\t\t\t\t\t\t\t<\/div>\n\t\t\t\t<\/div>\n\t\t\t\t<\/div>\n\t\t<div class=\"elementor-element elementor-element-ecbd7a9 e-con-full e-flex wpr-particle-no wpr-jarallax-no wpr-parallax-no wpr-sticky-section-no wpr-equal-height-no e-con e-child\" data-id=\"ecbd7a9\" data-element_type=\"container\" data-e-type=\"container\">\n\t\t\t\t<div class=\"elementor-element elementor-element-69d0181 elementor-widget elementor-widget-image\" data-id=\"69d0181\" data-element_type=\"widget\" data-e-type=\"widget\" data-widget_type=\"image.default\">\n\t\t\t\t<div class=\"elementor-widget-container\">\n\t\t\t\t\t\t\t\t\t\t\t\t\t\t\t\t<a href=\"https:\/\/agbiosupply.com\/index.php\/valoya\/\">\n\t\t\t\t\t\t\t<img decoding=\"async\" width=\"300\" height=\"86\" src=\"https:\/\/agbiosupply.com\/wp-content\/uploads\/2023\/11\/WhatsApp-Image-2023-11-21-at-00.15.14-300x86.jpeg\" class=\"attachment-medium size-medium wp-image-1705\" alt=\"\" srcset=\"https:\/\/agbiosupply.com\/wp-content\/uploads\/2023\/11\/WhatsApp-Image-2023-11-21-at-00.15.14-300x86.jpeg 300w, https:\/\/agbiosupply.com\/wp-content\/uploads\/2023\/11\/WhatsApp-Image-2023-11-21-at-00.15.14-1024x295.jpeg 1024w, https:\/\/agbiosupply.com\/wp-content\/uploads\/2023\/11\/WhatsApp-Image-2023-11-21-at-00.15.14-768x221.jpeg 768w, https:\/\/agbiosupply.com\/wp-content\/uploads\/2023\/11\/WhatsApp-Image-2023-11-21-at-00.15.14-1536x443.jpeg 1536w, https:\/\/agbiosupply.com\/wp-content\/uploads\/2023\/11\/WhatsApp-Image-2023-11-21-at-00.15.14-600x173.jpeg 600w, https:\/\/agbiosupply.com\/wp-content\/uploads\/2023\/11\/WhatsApp-Image-2023-11-21-at-00.15.14-280x81.jpeg 280w, https:\/\/agbiosupply.com\/wp-content\/uploads\/2023\/11\/WhatsApp-Image-2023-11-21-at-00.15.14.jpeg 1599w\" sizes=\"(max-width: 300px) 100vw, 300px\" \/>\t\t\t\t\t\t\t\t<\/a>\n\t\t\t\t\t\t\t\t\t\t\t\t\t\t\t<\/div>\n\t\t\t\t<\/div>\n\t\t\t\t<\/div>\n\t\t\t\t\t<\/div>\n\t\t\t\t<\/div>\n\t\t<div class=\"elementor-element elementor-element-55679d8 e-flex e-con-boxed wpr-particle-no wpr-jarallax-no wpr-parallax-no wpr-sticky-section-no wpr-equal-height-no elementor-invisible e-con e-parent\" data-id=\"55679d8\" data-element_type=\"container\" data-e-type=\"container\" data-settings=\"{&quot;background_background&quot;:&quot;classic&quot;,&quot;animation&quot;:&quot;fadeInRight&quot;}\">\n\t\t\t\t\t<div class=\"e-con-inner\">\n\t\t<div class=\"elementor-element elementor-element-697d8c7 e-con-full e-flex wpr-particle-no wpr-jarallax-no wpr-parallax-no wpr-sticky-section-no wpr-equal-height-no e-con e-child\" data-id=\"697d8c7\" data-element_type=\"container\" data-e-type=\"container\">\n\t\t\t\t<div class=\"elementor-element elementor-element-2834062 elementor-widget elementor-widget-image\" data-id=\"2834062\" data-element_type=\"widget\" data-e-type=\"widget\" data-widget_type=\"image.default\">\n\t\t\t\t<div class=\"elementor-widget-container\">\n\t\t\t\t\t\t\t\t\t\t\t\t\t\t\t\t<a href=\"https:\/\/agbiosupply.com\/index.php\/fluence\/\">\n\t\t\t\t\t\t\t<img fetchpriority=\"high\" decoding=\"async\" width=\"700\" height=\"162\" src=\"https:\/\/agbiosupply.com\/wp-content\/uploads\/2023\/11\/Fluence-Logo-2022@2x.png\" class=\"attachment-large size-large wp-image-729\" alt=\"FLUENCE LOGO - AGBIOSUPPLY INTEGRATOR\" srcset=\"https:\/\/agbiosupply.com\/wp-content\/uploads\/2023\/11\/Fluence-Logo-2022@2x.png 700w, https:\/\/agbiosupply.com\/wp-content\/uploads\/2023\/11\/Fluence-Logo-2022@2x-600x139.png 600w, https:\/\/agbiosupply.com\/wp-content\/uploads\/2023\/11\/Fluence-Logo-2022@2x-300x69.png 300w, https:\/\/agbiosupply.com\/wp-content\/uploads\/2023\/11\/Fluence-Logo-2022@2x-280x65.png 280w\" sizes=\"(max-width: 700px) 100vw, 700px\" \/>\t\t\t\t\t\t\t\t<\/a>\n\t\t\t\t\t\t\t\t\t\t\t\t\t\t\t<\/div>\n\t\t\t\t<\/div>\n\t\t\t\t<\/div>\n\t\t<div class=\"elementor-element elementor-element-e3b4f54 e-con-full e-flex wpr-particle-no wpr-jarallax-no wpr-parallax-no wpr-sticky-section-no wpr-equal-height-no e-con e-child\" data-id=\"e3b4f54\" data-element_type=\"container\" data-e-type=\"container\">\n\t\t\t\t<div class=\"elementor-element elementor-element-4bad3b0 elementor-widget elementor-widget-text-editor\" data-id=\"4bad3b0\" data-element_type=\"widget\" data-e-type=\"widget\" data-widget_type=\"text-editor.default\">\n\t\t\t\t<div class=\"elementor-widget-container\">\n\t\t\t\t\t\t\t\t\t<p>Fluence, empresa americana fundada en 2013, crea soluciones de iluminaci\u00f3n para la producci\u00f3n de cultivos comerciales en entornos controlados. Aplican las \u00faltimas investigaciones en fotobiolog\u00eda, dise\u00f1o basado en ingenier\u00eda precisa y tecnolog\u00eda avanzada para fomentar un mundo m\u00e1s sano y sostenible.<\/p>\t\t\t\t\t\t\t\t<\/div>\n\t\t\t\t<\/div>\n\t\t\t\t<\/div>\n\t\t\t\t\t<\/div>\n\t\t\t\t<\/div>\n\t\t<div class=\"elementor-element elementor-element-45a6054 e-flex e-con-boxed wpr-particle-no wpr-jarallax-no wpr-parallax-no wpr-sticky-section-no wpr-equal-height-no elementor-invisible e-con e-parent\" data-id=\"45a6054\" data-element_type=\"container\" data-e-type=\"container\" data-settings=\"{&quot;background_background&quot;:&quot;classic&quot;,&quot;animation&quot;:&quot;fadeInLeft&quot;}\">\n\t\t\t\t\t<div class=\"e-con-inner\">\n\t\t<div class=\"elementor-element elementor-element-4b05884 e-con-full e-flex wpr-particle-no wpr-jarallax-no wpr-parallax-no wpr-sticky-section-no wpr-equal-height-no e-con e-child\" data-id=\"4b05884\" data-element_type=\"container\" data-e-type=\"container\">\n\t\t\t\t<div class=\"elementor-element elementor-element-a0b3053 elementor-widget elementor-widget-image\" data-id=\"a0b3053\" data-element_type=\"widget\" data-e-type=\"widget\" data-widget_type=\"image.default\">\n\t\t\t\t<div class=\"elementor-widget-container\">\n\t\t\t\t\t\t\t\t\t\t\t\t\t\t\t\t<a href=\"https:\/\/agbiosupply.com\/index.php\/philips\/\">\n\t\t\t\t\t\t\t<img loading=\"lazy\" decoding=\"async\" width=\"960\" height=\"176\" src=\"https:\/\/agbiosupply.com\/wp-content\/uploads\/2023\/11\/Logo_Philips_Vectorial.png\" class=\"attachment-large size-large wp-image-1467\" alt=\"\" srcset=\"https:\/\/agbiosupply.com\/wp-content\/uploads\/2023\/11\/Logo_Philips_Vectorial.png 984w, https:\/\/agbiosupply.com\/wp-content\/uploads\/2023\/11\/Logo_Philips_Vectorial-300x55.png 300w, https:\/\/agbiosupply.com\/wp-content\/uploads\/2023\/11\/Logo_Philips_Vectorial-768x140.png 768w, https:\/\/agbiosupply.com\/wp-content\/uploads\/2023\/11\/Logo_Philips_Vectorial-600x110.png 600w, https:\/\/agbiosupply.com\/wp-content\/uploads\/2023\/11\/Logo_Philips_Vectorial-280x51.png 280w\" sizes=\"(max-width: 960px) 100vw, 960px\" \/>\t\t\t\t\t\t\t\t<\/a>\n\t\t\t\t\t\t\t\t\t\t\t\t\t\t\t<\/div>\n\t\t\t\t<\/div>\n\t\t\t\t<\/div>\n\t\t<div class=\"elementor-element elementor-element-74d5531 e-con-full e-flex wpr-particle-no wpr-jarallax-no wpr-parallax-no wpr-sticky-section-no wpr-equal-height-no e-con e-child\" data-id=\"74d5531\" data-element_type=\"container\" data-e-type=\"container\">\n\t\t\t\t<div class=\"elementor-element elementor-element-744135a elementor-widget elementor-widget-text-editor\" data-id=\"744135a\" data-element_type=\"widget\" data-e-type=\"widget\" data-widget_type=\"text-editor.default\">\n\t\t\t\t<div class=\"elementor-widget-container\">\n\t\t\t\t\t\t\t\t\t<p>Philips es una de las marcas de iluminaci\u00f3n que suscita mayor confianza en el mundo. Desde 1891, Philips ha sido sin\u00f3nimo de tecnolog\u00eda fiable, innovadora y de alta calidad que mejora la vida de las personas.\u00a0<a style=\"font-family: var( --e-global-typography-accent-font-family ), Outfit; font-size: var( --e-global-typography-accent-font-size ); font-style: var( --e-global-typography-accent-font-style ); font-weight: var( --e-global-typography-accent-font-weight ); letter-spacing: var( --e-global-typography-accent-letter-spacing ); text-transform: var( --e-global-typography-text-text-transform ); text-align: var(--text-align); word-spacing: var( --e-global-typography-b2ce6af-word-spacing );\" href=\"https:\/\/www.lighting.philips.es\/areas-aplicacion\/specialist-applications\/horticultura#grow_lights\">Philips Horticulture LED Solutions<\/a>\u00a0ofrece una amplia gama de productos de iluminaci\u00f3n LED para el \u00f3ptimo crecimiento de cultivos, tanto si produces verduras , frutas, flores o cannabis medicinal, ya sea en invernadero, huerto vertical o cualquier otra instalaci\u00f3n de interior. Estos productos cubren toda la gama de aplicaciones de iluminaci\u00f3n entre las que destaca la horticultura.\u00a0<\/p>\t\t\t\t\t\t\t\t<\/div>\n\t\t\t\t<\/div>\n\t\t\t\t<\/div>\n\t\t\t\t\t<\/div>\n\t\t\t\t<\/div>\n\t\t<div class=\"elementor-element elementor-element-7e661a25 e-flex e-con-boxed wpr-particle-no wpr-jarallax-no wpr-parallax-no wpr-sticky-section-no wpr-equal-height-no e-con e-parent\" data-id=\"7e661a25\" data-element_type=\"container\" data-e-type=\"container\">\n\t\t\t\t\t<div class=\"e-con-inner\">\n\t\t\t\t<div class=\"elementor-element elementor-element-64271694 elementor-fixed elementor-widget elementor-widget-eael-creative-button\" data-id=\"64271694\" data-element_type=\"widget\" data-e-type=\"widget\" data-settings=\"{&quot;_position&quot;:&quot;fixed&quot;}\" data-widget_type=\"eael-creative-button.default\">\n\t\t\t\t<div class=\"elementor-widget-container\">\n\t\t\t\t\t        <div class=\"eael-creative-button-wrapper\">\n\n            <a class=\"eael-creative-button eael-creative-button--default eael-cb-icon-position-\" href=\"https:\/\/agbiosupply.com\/index.php\/solicita-tu-estudio-gratuito\/\" data-text=\"\">\n            \t    \n                <div class=\"creative-button-inner\">\n\n                    \n                    <span class=\"cretive-button-text\">\u00a1SOLICITA TU ESTUDIO GRATUITO!<\/span>\n\n                                    <\/div>\n\t                        <\/a>\n        <\/div>\n        \t\t\t\t<\/div>\n\t\t\t\t<\/div>\n\t\t\t\t\t<\/div>\n\t\t\t\t<\/div>\n\t\t\t\t<\/div>\n\t\t","protected":false},"excerpt":{"rendered":"<p>LUMINARIAS En AGBIOSUPPLY nos preocupamos y nos aseguramos de tener socios estrat\u00e9gicos muy reconocidos para garantizar la calidad y prestaciones en nuestros proyectos. Una partida muy cara pero necesaria es la iluminaci\u00f3n LED en proyectos de interior por lo que hay que asegurar que cada c\u00e9ntimo invertido dar\u00e1 productividad. Trabajamos con las marcas m\u00e1s punteras y fiables del mercado en cuanto iluminaci\u00f3n hort\u00edcola para asegurar la calidad y garant\u00eda de sus componentes. Fluxen, Flux-Engineering, es el fabricante l\u00edder de luminarias LED de crecimiento de alto rendimiento dise\u00f1adas para el cultivo hort\u00edcola. El \u00fanico objetivo y la pasi\u00f3n permanente de Fluxen es crear soluciones de iluminaci\u00f3n y accesorios que permitan obtener resultados replicables o din\u00e1micos, aumentando la productividad, la calidad de los cultivos y tambi\u00e9n, dinamizando los resultados en la investigaci\u00f3n cient\u00edfica. Valoya Oy, empresa finlandesa creada en 2009, es pionera en el sector de la iluminaci\u00f3n para horticultura debido a su alta inversi\u00f3n en i+D en tecnolog\u00eda LED y ensayos cient\u00edficos con grandes centros de investigaci\u00f3n, universidades de prestigio y empresas de renombre como Bayer-Monsanto, Syngenta, Basf, Rijk Zwaan entre otros. Fluence, empresa americana fundada en 2013, crea soluciones de iluminaci\u00f3n para la producci\u00f3n de cultivos comerciales en entornos controlados. Aplican las \u00faltimas investigaciones en fotobiolog\u00eda, dise\u00f1o basado en ingenier\u00eda precisa y tecnolog\u00eda avanzada para fomentar un mundo m\u00e1s sano y sostenible. Philips es una de las marcas de iluminaci\u00f3n que suscita mayor confianza en el mundo. Desde 1891, Philips ha sido sin\u00f3nimo de tecnolog\u00eda fiable, innovadora y de alta calidad que mejora la vida de las personas.\u00a0Philips Horticulture LED Solutions\u00a0ofrece una amplia gama de productos de iluminaci\u00f3n LED para el \u00f3ptimo crecimiento de cultivos, tanto si produces verduras , frutas, flores o cannabis medicinal, ya sea en invernadero, huerto vertical o cualquier otra instalaci\u00f3n de interior. Estos productos cubren toda la gama de aplicaciones de iluminaci\u00f3n entre las que destaca la horticultura.\u00a0 \u00a1SOLICITA TU ESTUDIO GRATUITO!<\/p>\n","protected":false},"author":1,"featured_media":0,"parent":0,"menu_order":0,"comment_status":"closed","ping_status":"closed","template":"elementor_header_footer","meta":{"_eb_attr":"","footnotes":""},"class_list":["post-200","page","type-page","status-publish","hentry"],"_links":{"self":[{"href":"https:\/\/agbiosupply.com\/index.php\/wp-json\/wp\/v2\/pages\/200","targetHints":{"allow":["GET"]}}],"collection":[{"href":"https:\/\/agbiosupply.com\/index.php\/wp-json\/wp\/v2\/pages"}],"about":[{"href":"https:\/\/agbiosupply.com\/index.php\/wp-json\/wp\/v2\/types\/page"}],"author":[{"embeddable":true,"href":"https:\/\/agbiosupply.com\/index.php\/wp-json\/wp\/v2\/users\/1"}],"replies":[{"embeddable":true,"href":"https:\/\/agbiosupply.com\/index.php\/wp-json\/wp\/v2\/comments?post=200"}],"version-history":[{"count":100,"href":"https:\/\/agbiosupply.com\/index.php\/wp-json\/wp\/v2\/pages\/200\/revisions"}],"predecessor-version":[{"id":3881,"href":"https:\/\/agbiosupply.com\/index.php\/wp-json\/wp\/v2\/pages\/200\/revisions\/3881"}],"wp:attachment":[{"href":"https:\/\/agbiosupply.com\/index.php\/wp-json\/wp\/v2\/media?parent=200"}],"curies":[{"name":"wp","href":"https:\/\/api.w.org\/{rel}","templated":true}]}}